{"id":918,"date":"2024-01-22T09:18:49","date_gmt":"2024-01-22T09:18:49","guid":{"rendered":"https:\/\/teszt.debrecenapartmanok.hu\/?page_id=918"},"modified":"2024-01-29T14:54:41","modified_gmt":"2024-01-29T14:54:41","slug":"tudnivalok","status":"publish","type":"page","link":"https:\/\/teszt.debrecenapartmanok.hu\/en\/tudnivalok\/","title":{"rendered":"Information"},"content":{"rendered":"<div data-elementor-type=\"wp-page\" data-elementor-id=\"918\" class=\"elementor elementor-918\" data-elementor-post-type=\"page\">\n\t\t\t\t\t\t<section class=\"elementor-section elementor-top-section elementor-element elementor-element-776e2df elementor-section-full_width elementor-section-items-stretch elementor-section-content-middle elementor-reverse-tablet elementor-reverse-mobile elementor-section-height-min-height elementor-section-height-default\" data-id=\"776e2df\" data-element_type=\"section\">\n\t\t\t\t\t\t<div class=\"elementor-container elementor-column-gap-no\">\n\t\t\t\t\t<div class=\"elementor-column elementor-col-100 elementor-top-column elementor-element elementor-element-607a862\" data-id=\"607a862\" data-element_type=\"column\">\n\t\t\t<div class=\"elementor-widget-wrap elementor-element-populated\">\n\t\t\t\t\t\t<div class=\"elementor-element elementor-element-16e0980 elementor-widget elementor-widget-menu-anchor\" data-id=\"16e0980\" data-element_type=\"widget\" data-widget_type=\"menu-anchor.default\">\n\t\t\t\t<div class=\"elementor-widget-container\">\n\t\t\t<style>\/*! elementor - v3.19.0 - 07-02-2024 *\/\nbody.elementor-page .elementor-widget-menu-anchor{margin-bottom:0}<\/style>\t\t<div class=\"elementor-menu-anchor\"><\/div>\n\t\t\t\t<\/div>\n\t\t\t\t<\/div>\n\t\t\t\t<div class=\"elementor-element elementor-element-f7193f0 elementor-widget elementor-widget-heading\" data-id=\"f7193f0\" data-element_type=\"widget\" data-widget_type=\"heading.default\">\n\t\t\t\t<div class=\"elementor-widget-container\">\n\t\t\t<style>\/*! elementor - v3.19.0 - 07-02-2024 *\/\n.elementor-heading-title{padding:0;margin:0;line-height:1}.elementor-widget-heading .elementor-heading-title[class*=elementor-size-]>a{color:inherit;font-size:inherit;line-height:inherit}.elementor-widget-heading .elementor-heading-title.elementor-size-small{font-size:15px}.elementor-widget-heading .elementor-heading-title.elementor-size-medium{font-size:19px}.elementor-widget-heading .elementor-heading-title.elementor-size-large{font-size:29px}.elementor-widget-heading .elementor-heading-title.elementor-size-xl{font-size:39px}.elementor-widget-heading .elementor-heading-title.elementor-size-xxl{font-size:59px}<\/style><h2 class=\"elementor-heading-title elementor-size-default\">Booking &amp; payment terms<\/h2>\t\t<\/div>\n\t\t\t\t<\/div>\n\t\t\t\t<div class=\"elementor-element elementor-element-29150e84 elementor-widget elementor-widget-text-editor\" data-id=\"29150e84\" data-element_type=\"widget\" data-widget_type=\"text-editor.default\">\n\t\t\t\t<div class=\"elementor-widget-container\">\n\t\t\t<style>\/*! elementor - v3.19.0 - 07-02-2024 *\/\n.elementor-widget-text-editor.elementor-drop-cap-view-stacked .elementor-drop-cap{background-color:#69727d;color:#fff}.elementor-widget-text-editor.elementor-drop-cap-view-framed .elementor-drop-cap{color:#69727d;border:3px solid;background-color:transparent}.elementor-widget-text-editor:not(.elementor-drop-cap-view-default) .elementor-drop-cap{margin-top:8px}.elementor-widget-text-editor:not(.elementor-drop-cap-view-default) .elementor-drop-cap-letter{width:1em;height:1em}.elementor-widget-text-editor .elementor-drop-cap{float:left;text-align:center;line-height:1;font-size:50px}.elementor-widget-text-editor .elementor-drop-cap-letter{display:inline-block}<\/style>\t\t\t\t<p>Please read the following carefully before booking!<\/p>\t\t\t\t\t\t<\/div>\n\t\t\t\t<\/div>\n\t\t\t\t<div class=\"elementor-element elementor-element-b600781 elementor-widget elementor-widget-text-editor\" data-id=\"b600781\" data-element_type=\"widget\" data-widget_type=\"text-editor.default\">\n\t\t\t\t<div class=\"elementor-widget-container\">\n\t\t\t\t\t\t\t<p><span style=\"font-weight: 400;\">To make a reservation select the arrival and departure date on our reservation interface then the system will guide you all the way through until the reservation is finalized. In order to get the correct price and conditions please enter all guests: choose number of adults first then choose number of children then specify their age one by one (from &lt;1 years to 17 years) when booking. The accommodation can be used by the number of people specified at the time of booking. <\/span><\/p><p><span style=\"font-weight: 400;\">Payment of at least 50% of the accommodation fee (advance payment) is required to finalize the reservation. You can pay the deposit or even the entire accommodation fee by bank card during the reservation or by transfer to our bank account within 2 days after the reservation. The remaining 50% of the accommodation fee must be paid no later than 14 days before arrival. If the reservation is made within 14 days prior to arrival, the full accommodation fee must be paid for the reservation to be valid <\/span><\/p><p><span style=\"font-weight: 400;\">We issue an invoice for the accommodation fee to the name and address requested by you. From the point of view of VAT, our service is subject to tax-free (AAM).<\/span><\/p><p><span style=\"font-weight: 400;\">The booking fee does not include the local tourist tax (IFA). The tourist tax is payable on the spot, in cash. The amount is 500 FT (or 1.5 Euro) \/ person \/ night for people over 18 years of age, no payment is required for people under 18 years of age. We can only accept cash on site (HUF or EUR). We issue a receipt for the tourist tax.<\/span><\/p><p><span style=\"font-weight: 400;\">When making a reservation, the following data of the booking guest must be provided:<\/span><\/p><p><span style=\"font-weight: 400;\">Name<\/span><span style=\"font-weight: 400;\"><br \/><\/span><span style=\"font-weight: 400;\">Full address (zip code, city, street, house number, Country)<\/span><span style=\"font-weight: 400;\"><br \/><\/span><span style=\"font-weight: 400;\">Phone<\/span><span style=\"font-weight: 400;\"><br \/><\/span><span style=\"font-weight: 400;\">Email<\/span><\/p><p><span style=\"font-weight: 400;\">In the absence of real and available contact information, the reservation is not valid.<\/span><\/p><p><strong>CANCELLATION POLICY<\/strong><\/p><ul><li style=\"font-weight: 400;\" aria-level=\"1\"><span style=\"font-weight: 400;\">The guest can cancel the reservation free of charge up to 24 hours on the 14th day before arrival. The amount paid at the time of booking will be returned to the guest's bank account.<\/span><\/li><li style=\"font-weight: 400;\" aria-level=\"1\"><span style=\"font-weight: 400;\">The guest will be charged 50% of the total price (deposit) if the reservation is canceled within 14 days prior to arrival. If you paid more than 50%, we will return the rest.<\/span><\/li><li style=\"font-weight: 400;\" aria-level=\"1\"><span style=\"font-weight: 400;\">If the guest does not show up the full price will be charged.<\/span><\/li><\/ul><p><strong>MODIFICATION OF BOOKING<\/strong><\/p><ul><li style=\"font-weight: 400;\" aria-level=\"1\"><span style=\"font-weight: 400;\">The guest can change the reservation free of charge up to 14 days before arrival, if the reservation calendar allows it.<\/span><\/li><li style=\"font-weight: 400;\" aria-level=\"1\"><span style=\"font-weight: 400;\">If you have any questions, please contact us.<\/span><\/li><\/ul><p><strong>CHECK-IN AND CHECK-OUT TIMES<\/strong><\/p><ul><li style=\"font-weight: 400;\" aria-level=\"1\"><span style=\"font-weight: 400;\">Check-in between 15:00 and 21:00<\/span><\/li><li style=\"font-weight: 400;\" aria-level=\"1\"><span style=\"font-weight: 400;\">Check-out by 10:00 a.m. at the latest<\/span><\/li><li style=\"font-weight: 400;\" aria-level=\"1\"><span style=\"font-weight: 400;\">If required, it is possible to arrive after 22:00 for a separate fee which is 25 Euro. Early arrival (if possible) is free of charge.<\/span><\/li><\/ul><p><strong>AGE LIMIT<\/strong><\/p><ul><li style=\"font-weight: 400;\" aria-level=\"1\"><span style=\"font-weight: 400;\">There is no age limit.<\/span><\/li><\/ul><p><strong>GATE CLOSED<\/strong><\/p><ul><li style=\"font-weight: 400;\" aria-level=\"1\"><span style=\"font-weight: 400;\">There is no closed gate period.<\/span><\/li><\/ul><p><b>PLEASE FOLLOW OUR POLICY:<\/b><\/p><ul><li style=\"font-weight: 400;\" aria-level=\"1\"><span style=\"font-weight: 400;\">No smoking.\u00a0<\/span><\/li><li style=\"font-weight: 400;\" aria-level=\"1\"><span style=\"font-weight: 400;\">Pets cannot be accommodated.\u00a0<\/span><\/li><li style=\"font-weight: 400;\" aria-level=\"1\"><span style=\"font-weight: 400;\">It is forbidden to hold parties and events.\u00a0<\/span><\/li><\/ul><p><span style=\"font-weight: 400;\"><a href=\"https:\/\/teszt.debrecenapartmanok.hu\/en\/hazirend\/\">On to the policy\u00a0<\/a> \u00a0\u00a0<\/span><\/p>\t\t\t\t\t\t<\/div>\n\t\t\t\t<\/div>\n\t\t\t\t<div class=\"elementor-element elementor-element-d713fbb elementor-widget elementor-widget-menu-anchor\" data-id=\"d713fbb\" data-element_type=\"widget\" data-widget_type=\"menu-anchor.default\">\n\t\t\t\t<div class=\"elementor-widget-container\">\n\t\t\t\t\t<div id=\"parkolas\" class=\"elementor-menu-anchor\"><\/div>\n\t\t\t\t<\/div>\n\t\t\t\t<\/div>\n\t\t\t\t\t<\/div>\n\t\t<\/div>\n\t\t\t\t\t<\/div>\n\t\t<\/section>\n\t\t\t\t<section class=\"elementor-section elementor-top-section elementor-element elementor-element-5ec36d0f elementor-section-full_width elementor-section-items-stretch elementor-section-content-middle elementor-reverse-tablet elementor-reverse-mobile elementor-section-height-min-height elementor-section-height-default\" data-id=\"5ec36d0f\" data-element_type=\"section\">\n\t\t\t\t\t\t<div class=\"elementor-container elementor-column-gap-no\">\n\t\t\t\t\t<div class=\"elementor-column elementor-col-100 elementor-top-column elementor-element elementor-element-734d432a\" data-id=\"734d432a\" data-element_type=\"column\">\n\t\t\t<div class=\"elementor-widget-wrap elementor-element-populated\">\n\t\t\t\t\t\t<div class=\"elementor-element elementor-element-597d7da7 elementor-widget elementor-widget-heading\" data-id=\"597d7da7\" data-element_type=\"widget\" data-widget_type=\"heading.default\">\n\t\t\t\t<div class=\"elementor-widget-container\">\n\t\t\t<h2 class=\"elementor-heading-title elementor-size-default\">Parking<\/h2>\t\t<\/div>\n\t\t\t\t<\/div>\n\t\t\t\t<div class=\"elementor-element elementor-element-15585cf6 elementor-widget elementor-widget-text-editor\" data-id=\"15585cf6\" data-element_type=\"widget\" data-widget_type=\"text-editor.default\">\n\t\t\t\t<div class=\"elementor-widget-container\">\n\t\t\t\t\t\t\t<p>Our apartments are located in the very heart of the city in a pedestrians only area.<\/p><p>Public parking places are available in close proximity to the apartment.<\/p><p>Pay periods: Weekdays from 8 to 18, Saturday from 8 to 14. Free on Sundays.<\/p><p>You have to be careful on K\u00e1lvin t\u00e9r (K\u00e1lvin square), because there are forbidden places such as municipal parking lots.<\/p><p>Tickets can be bought at the machines (only valid in that zone) with cash or bank card. If you park for several hours, the daily ticket is worth more (2.160 HUF)<\/p><p>Our apartments are in priority zone (4003)<\/p><p>You can buy a day ticket here: <span role=\"gridcell\"><a class=\"x1i10hfl xjbqb8w x6umtig x1b1mbwd xaqea5y xav7gou x9f619 x1ypdohk xt0psk2 xe8uvvx xdj266r x11i5rnm xat24cr x1mh8g0r xexx8yu x4uap5 x18d9i69 xkhd6sd x16tdsg8 xggy1nq x1a2a7pz xt0b8zv x1heor9g x1bvjpef\" tabindex=\"-1\" role=\"link\" href=\"https:\/\/l.facebook.com\/l.php?u=https%3A%2F%2Fnetberlet.mininform.hu%2Fdebrecen_dvparking%2Fsite%2Flogin%3Ffbclid%3DIwAR1HibKI8NqLzTes6T-_P9h4UKf1SUdjZtMMhD6jM5IKbtn2QF1Ou3sPDfg&amp;h=AT2TgWgHfK8G7Isw-CkZ9XKKNXCKeWKqM6AY1EdMRNrVQ3M961lAMEjUFFUtm2kSp2Ntu06NgW2p8Dj6whiU9Xw2m6HNOrRXI1SeeSxEWIcwwe_kttQPfU0Poq-_2lXY4W9Dj9FZ\" target=\"_blank\" rel=\"nofollow noopener noreferrer\">https:\/\/netberlet.mininform.hu\/debrecen_dvparking\/site\/login<\/a><\/span><\/p><p>On the page, select language then select \"Daily parking permit purchase for customers without registration\". Enter license plate number and date, then select \"Napi parkol\u00f3 jegy - Kiemelt z\u00f3na\" (\"Daily parking ticket - Priority zone\".) This will apply to all surface parking spaces.<\/p><p>Then, similarly, select and add the other desired days to the basket. In case of an error, you can delete it from the basket by scrolling to the right. You can pay for the contents of the basket by card. There will also be a somewhat lengthy registration process during payment.<\/p>\t\t\t\t\t\t<\/div>\n\t\t\t\t<\/div>\n\t\t\t\t<div class=\"elementor-element elementor-element-b78dab4 elementor-widget__width-initial elementor-widget elementor-widget-image\" data-id=\"b78dab4\" data-element_type=\"widget\" data-widget_type=\"image.default\">\n\t\t\t\t<div class=\"elementor-widget-container\">\n\t\t\t<style>\/*! elementor - v3.19.0 - 07-02-2024 *\/\n.elementor-widget-image{text-align:center}.elementor-widget-image a{display:inline-block}.elementor-widget-image a img[src$=\".svg\"]{width:48px}.elementor-widget-image img{vertical-align:middle;display:inline-block}<\/style>\t\t\t\t\t\t\t\t\t\t<img fetchpriority=\"high\" decoding=\"async\" width=\"397\" height=\"1024\" src=\"https:\/\/teszt.debrecenapartmanok.hu\/wp-content\/uploads\/2024\/01\/417607988_1607127373360784_458563216483968262_n-397x1024.jpg\" class=\"attachment-large size-large wp-image-1669\" alt=\"\" srcset=\"https:\/\/teszt.debrecenapartmanok.hu\/wp-content\/uploads\/2024\/01\/417607988_1607127373360784_458563216483968262_n-397x1024.jpg 397w, https:\/\/teszt.debrecenapartmanok.hu\/wp-content\/uploads\/2024\/01\/417607988_1607127373360784_458563216483968262_n-116x300.jpg 116w, https:\/\/teszt.debrecenapartmanok.hu\/wp-content\/uploads\/2024\/01\/417607988_1607127373360784_458563216483968262_n-595x1536.jpg 595w, https:\/\/teszt.debrecenapartmanok.hu\/wp-content\/uploads\/2024\/01\/417607988_1607127373360784_458563216483968262_n-5x12.jpg 5w, https:\/\/teszt.debrecenapartmanok.hu\/wp-content\/uploads\/2024\/01\/417607988_1607127373360784_458563216483968262_n.jpg 708w\" sizes=\"(max-width: 397px) 100vw, 397px\" \/>\t\t\t\t\t\t\t\t\t\t\t\t\t<\/div>\n\t\t\t\t<\/div>\n\t\t\t\t<div class=\"elementor-element elementor-element-a446622 elementor-widget elementor-widget-menu-anchor\" data-id=\"a446622\" data-element_type=\"widget\" data-widget_type=\"menu-anchor.default\">\n\t\t\t\t<div class=\"elementor-widget-container\">\n\t\t\t\t\t<div id=\"tomegkozlekedes\" class=\"elementor-menu-anchor\"><\/div>\n\t\t\t\t<\/div>\n\t\t\t\t<\/div>\n\t\t\t\t\t<\/div>\n\t\t<\/div>\n\t\t\t\t\t<\/div>\n\t\t<\/section>\n\t\t\t\t<section class=\"elementor-section elementor-top-section elementor-element elementor-element-6b9f629 elementor-section-full_width elementor-section-items-stretch elementor-section-content-middle elementor-reverse-tablet elementor-reverse-mobile elementor-section-height-min-height elementor-section-height-default\" data-id=\"6b9f629\" data-element_type=\"section\">\n\t\t\t\t\t\t<div class=\"elementor-container elementor-column-gap-no\">\n\t\t\t\t\t<div class=\"elementor-column elementor-col-100 elementor-top-column elementor-element elementor-element-de65953\" data-id=\"de65953\" data-element_type=\"column\">\n\t\t\t<div class=\"elementor-widget-wrap elementor-element-populated\">\n\t\t\t\t\t\t<div class=\"elementor-element elementor-element-db3fc94 elementor-widget elementor-widget-heading\" data-id=\"db3fc94\" data-element_type=\"widget\" data-widget_type=\"heading.default\">\n\t\t\t\t<div class=\"elementor-widget-container\">\n\t\t\t<h2 class=\"elementor-heading-title elementor-size-default\">Public transport<\/h2>\t\t<\/div>\n\t\t\t\t<\/div>\n\t\t\t\t<div class=\"elementor-element elementor-element-e6219b3 elementor-widget elementor-widget-text-editor\" data-id=\"e6219b3\" data-element_type=\"widget\" data-widget_type=\"text-editor.default\">\n\t\t\t\t<div class=\"elementor-widget-container\">\n\t\t\t\t\t\t\t<p>You can buy a paper-based ticket in tobacco shops and newsstands. You can find information about other points of sale here: <span role=\"gridcell\"><a class=\"x1i10hfl xjbqb8w x6umtig x1b1mbwd xaqea5y xav7gou x9f619 x1ypdohk xt0psk2 xe8uvvx xdj266r x11i5rnm xat24cr x1mh8g0r xexx8yu x4uap5 x18d9i69 xkhd6sd x16tdsg8 xggy1nq x1a2a7pz xt0b8zv x1heor9g x1bvjpef\" tabindex=\"-1\" role=\"link\" href=\"https:\/\/www.dkv.hu\/ertekesitesi_pontok?fbclid=IwAR2HiC5Xhk8PN1uNY8KTN6VNYidhP9wRzGDacxDkVnVxsp5mKL-4DSSTmtQ\" target=\"_blank\" rel=\"nofollow noopener noreferrer\">https:\/\/www.dkv.hu\/ertekesitesi_pontok<\/a><\/span><\/p><p>An electronic ticket is more convenient. You can buy a mobile ticket or a 1-hour mobile ticket in the \"Mobile ticket\" application of the National Mobile Payments Zrt. (K\u00e9p az appr\u00f3l)\nYou can buy a one-, three- or seven-day ticket on the website of the Debrecen K\u00f6zlekedesi V\u00e1llalat. <span role=\"gridcell\"><a class=\"x1i10hfl xjbqb8w x6umtig x1b1mbwd xaqea5y xav7gou x9f619 x1ypdohk xt0psk2 xe8uvvx xdj266r x11i5rnm xat24cr x1mh8g0r xexx8yu x4uap5 x18d9i69 xkhd6sd x16tdsg8 xggy1nq x1a2a7pz xt0b8zv x1heor9g x1bvjpef\" tabindex=\"-1\" role=\"link\" href=\"https:\/\/l.facebook.com\/l.php?u=https%3A%2F%2Fdkvejegy.hu%2Fproducts%3Ffbclid%3DIwAR0rpJ8NVGJxGxaOfCDjS5MgShpUkN50rA_X4rbmFiZx597WWEVW7T3f8wE&amp;h=AT2TgWgHfK8G7Isw-CkZ9XKKNXCKeWKqM6AY1EdMRNrVQ3M961lAMEjUFFUtm2kSp2Ntu06NgW2p8Dj6whiU9Xw2m6HNOrRXI1SeeSxEWIcwwe_kttQPfU0Poq-_2lXY4W9Dj9FZ\" target=\"_blank\" rel=\"nofollow noopener noreferrer\">https:\/\/dkvejegy.hu\/products<\/a><\/span>\u00a0<\/p>\t\t\t\t\t\t<\/div>\n\t\t\t\t<\/div>\n\t\t\t\t\t<\/div>\n\t\t<\/div>\n\t\t\t\t\t<\/div>\n\t\t<\/section>\n\t\t\t\t<section class=\"elementor-section elementor-top-section elementor-element elementor-element-6b97887 elementor-section-full_width elementor-section-height-min-height elementor-section-items-stretch elementor-section-content-middle elementor-section-height-default\" data-id=\"6b97887\" data-element_type=\"section\" data-settings=\"{&quot;background_background&quot;:&quot;classic&quot;}\">\n\t\t\t\t\t\t<div class=\"elementor-container elementor-column-gap-no\">\n\t\t\t\t\t<div class=\"elementor-column elementor-col-50 elementor-top-column elementor-element elementor-element-291cb62c\" data-id=\"291cb62c\" data-element_type=\"column\" data-settings=\"{&quot;background_background&quot;:&quot;classic&quot;}\">\n\t\t\t<div class=\"elementor-widget-wrap elementor-element-populated\">\n\t\t\t\t\t\t<div class=\"elementor-element elementor-element-6bbedf95 elementor-widget elementor-widget-spacer\" data-id=\"6bbedf95\" data-element_type=\"widget\" data-widget_type=\"spacer.default\">\n\t\t\t\t<div class=\"elementor-widget-container\">\n\t\t\t<style>\/*! elementor - v3.19.0 - 07-02-2024 *\/\n.elementor-column .elementor-spacer-inner{height:var(--spacer-size)}.e-con{--container-widget-width:100%}.e-con-inner>.elementor-widget-spacer,.e-con>.elementor-widget-spacer{width:var(--container-widget-width,var(--spacer-size));--align-self:var(--container-widget-align-self,initial);--flex-shrink:0}.e-con-inner>.elementor-widget-spacer>.elementor-widget-container,.e-con>.elementor-widget-spacer>.elementor-widget-container{height:100%;width:100%}.e-con-inner>.elementor-widget-spacer>.elementor-widget-container>.elementor-spacer,.e-con>.elementor-widget-spacer>.elementor-widget-container>.elementor-spacer{height:100%}.e-con-inner>.elementor-widget-spacer>.elementor-widget-container>.elementor-spacer>.elementor-spacer-inner,.e-con>.elementor-widget-spacer>.elementor-widget-container>.elementor-spacer>.elementor-spacer-inner{height:var(--container-widget-height,var(--spacer-size))}.e-con-inner>.elementor-widget-spacer.elementor-widget-empty,.e-con>.elementor-widget-spacer.elementor-widget-empty{position:relative;min-height:22px;min-width:22px}.e-con-inner>.elementor-widget-spacer.elementor-widget-empty .elementor-widget-empty-icon,.e-con>.elementor-widget-spacer.elementor-widget-empty .elementor-widget-empty-icon{position:absolute;top:0;bottom:0;left:0;right:0;margin:auto;padding:0;width:22px;height:22px}<\/style>\t\t<div class=\"elementor-spacer\">\n\t\t\t<div class=\"elementor-spacer-inner\"><\/div>\n\t\t<\/div>\n\t\t\t\t<\/div>\n\t\t\t\t<\/div>\n\t\t\t\t\t<\/div>\n\t\t<\/div>\n\t\t\t\t<div class=\"elementor-column elementor-col-50 elementor-top-column elementor-element elementor-element-17c5617f\" data-id=\"17c5617f\" data-element_type=\"column\">\n\t\t\t<div class=\"elementor-widget-wrap elementor-element-populated\">\n\t\t\t\t\t\t<div class=\"elementor-element elementor-element-606b5285 elementor-view-default elementor-position-top elementor-mobile-position-top elementor-widget elementor-widget-icon-box\" data-id=\"606b5285\" data-element_type=\"widget\" data-widget_type=\"icon-box.default\">\n\t\t\t\t<div class=\"elementor-widget-container\">\n\t\t\t<link rel=\"stylesheet\" href=\"https:\/\/teszt.debrecenapartmanok.hu\/wp-content\/plugins\/elementor\/assets\/css\/widget-icon-box.min.css\">\t\t<div class=\"elementor-icon-box-wrapper\">\n\t\t\t\t\t\t<div class=\"elementor-icon-box-icon\">\n\t\t\t\t<span  class=\"elementor-icon elementor-animation-\">\n\t\t\t\t\t\t\t\t<\/span>\n\t\t\t<\/div>\n\t\t\t\t\t\t<div class=\"elementor-icon-box-content\">\n\t\t\t\t<h3 class=\"elementor-icon-box-title\">\n\t\t\t\t\t<span  >\n\t\t\t\t\t\t\"Perfect location, clean, comfortable, well equipped, nice owner. The best in town so far, we will definitely be back! \"\t\t\t\t\t<\/span>\n\t\t\t\t<\/h3>\n\t\t\t\t\t\t\t\t\t<p class=\"elementor-icon-box-description\">\n\t\t\t\t\t\tBORB\u00c1LA, HUNGARY\t\t\t\t\t<\/p>\n\t\t\t\t\t\t\t<\/div>\n\t\t<\/div>\n\t\t\t\t<\/div>\n\t\t\t\t<\/div>\n\t\t\t\t\t<\/div>\n\t\t<\/div>\n\t\t\t\t\t<\/div>\n\t\t<\/section>\n\t\t\t\t<\/div>","protected":false},"excerpt":{"rendered":"<p>Foglal\u00e1si &#038; fizet\u00e9si felt\u00e9telek K\u00e9rj\u00fck, foglal\u00e1s el\u0151tt olvassa el az al\u00e1bbiakat figyelmesen! A foglal\u00e1shoz v\u00e1lassza ki a foglal\u00e1si fel\u00fclet\u00fcnk\u00f6n az \u00e9rkez\u00e9si \u00e9s t\u00e1voz\u00e1si d\u00e1tumot, ezut\u00e1n a rendszer v\u00e9gigvezeti \u00d6nt eg\u00e9szen a foglal\u00e1s v\u00e9gleges\u00edt\u00e9s\u00e9ig. Ahhoz, hogy az \u00f6sszeg \u00e9s a l\u00e9tsz\u00e1m-inform\u00e1ci\u00f3 helyesen jelenjen meg, k\u00e9rj\u00fck, foglal\u00e1skor minden vend\u00e9get \u00edrjanak be, a gyermekeket is \u00e9letkort\u00f3l f\u00fcggetlen\u00fcl. El\u0151sz\u00f6r [&hellip;]<\/p>","protected":false},"author":1,"featured_media":0,"parent":0,"menu_order":0,"comment_status":"closed","ping_status":"closed","template":"","meta":{"footnotes":""},"class_list":["post-918","page","type-page","status-publish","hentry"],"_links":{"self":[{"href":"https:\/\/teszt.debrecenapartmanok.hu\/en\/wp-json\/wp\/v2\/pages\/918","targetHints":{"allow":["GET"]}}],"collection":[{"href":"https:\/\/teszt.debrecenapartmanok.hu\/en\/wp-json\/wp\/v2\/pages"}],"about":[{"href":"https:\/\/teszt.debrecenapartmanok.hu\/en\/wp-json\/wp\/v2\/types\/page"}],"author":[{"embeddable":true,"href":"https:\/\/teszt.debrecenapartmanok.hu\/en\/wp-json\/wp\/v2\/users\/1"}],"replies":[{"embeddable":true,"href":"https:\/\/teszt.debrecenapartmanok.hu\/en\/wp-json\/wp\/v2\/comments?post=918"}],"version-history":[{"count":86,"href":"https:\/\/teszt.debrecenapartmanok.hu\/en\/wp-json\/wp\/v2\/pages\/918\/revisions"}],"predecessor-version":[{"id":1717,"href":"https:\/\/teszt.debrecenapartmanok.hu\/en\/wp-json\/wp\/v2\/pages\/918\/revisions\/1717"}],"wp:attachment":[{"href":"https:\/\/teszt.debrecenapartmanok.hu\/en\/wp-json\/wp\/v2\/media?parent=918"}],"curies":[{"name":"wp","href":"https:\/\/api.w.org\/{rel}","templated":true}]}}