{"id":431,"date":"2023-12-19T09:51:16","date_gmt":"2023-12-19T09:51:16","guid":{"rendered":"https:\/\/teszt.debrecenapartmanok.hu\/?page_id=431"},"modified":"2024-01-29T14:06:40","modified_gmt":"2024-01-29T14:06:40","slug":"hazirend","status":"publish","type":"page","link":"https:\/\/teszt.debrecenapartmanok.hu\/en\/hazirend\/","title":{"rendered":"House rules"},"content":{"rendered":"<div data-elementor-type=\"wp-page\" data-elementor-id=\"431\" class=\"elementor elementor-431\" data-elementor-post-type=\"page\">\n\t\t\t\t\t\t<section class=\"elementor-section elementor-top-section elementor-element elementor-element-57f46cdd elementor-section-full_width elementor-section-height-min-height elementor-section-content-middle elementor-section-height-default elementor-section-items-middle\" data-id=\"57f46cdd\" data-element_type=\"section\" data-settings=\"{&quot;background_background&quot;:&quot;classic&quot;}\">\n\t\t\t\t\t\t\t<div class=\"elementor-background-overlay\"><\/div>\n\t\t\t\t\t\t\t<div class=\"elementor-container elementor-column-gap-no\">\n\t\t\t\t\t<div class=\"elementor-column elementor-col-100 elementor-top-column elementor-element elementor-element-44edfb06\" data-id=\"44edfb06\" data-element_type=\"column\">\n\t\t\t<div class=\"elementor-widget-wrap elementor-element-populated\">\n\t\t\t\t\t\t<div class=\"elementor-element elementor-element-2244e019 elementor-invisible elementor-widget elementor-widget-heading\" data-id=\"2244e019\" data-element_type=\"widget\" data-settings=\"{&quot;_animation&quot;:&quot;fadeInUp&quot;}\" data-widget_type=\"heading.default\">\n\t\t\t\t<div class=\"elementor-widget-container\">\n\t\t\t<style>\/*! elementor - v3.19.0 - 07-02-2024 *\/\n.elementor-heading-title{padding:0;margin:0;line-height:1}.elementor-widget-heading .elementor-heading-title[class*=elementor-size-]>a{color:inherit;font-size:inherit;line-height:inherit}.elementor-widget-heading .elementor-heading-title.elementor-size-small{font-size:15px}.elementor-widget-heading .elementor-heading-title.elementor-size-medium{font-size:19px}.elementor-widget-heading .elementor-heading-title.elementor-size-large{font-size:29px}.elementor-widget-heading .elementor-heading-title.elementor-size-xl{font-size:39px}.elementor-widget-heading .elementor-heading-title.elementor-size-xxl{font-size:59px}<\/style><h1 class=\"elementor-heading-title elementor-size-default\">House rules<\/h1>\t\t<\/div>\n\t\t\t\t<\/div>\n\t\t\t\t\t<\/div>\n\t\t<\/div>\n\t\t\t\t\t<\/div>\n\t\t<\/section>\n\t\t\t\t<section class=\"elementor-section elementor-top-section elementor-element elementor-element-1854d6da elementor-section-content-middle elementor-reverse-mobile elementor-section-boxed elementor-section-height-default elementor-section-height-default\" data-id=\"1854d6da\" data-element_type=\"section\" data-settings=\"{&quot;background_background&quot;:&quot;classic&quot;}\">\n\t\t\t\t\t\t<div class=\"elementor-container elementor-column-gap-default\">\n\t\t\t\t\t<div class=\"elementor-column elementor-col-100 elementor-top-column elementor-element elementor-element-2e8f061c\" data-id=\"2e8f061c\" data-element_type=\"column\" data-settings=\"{&quot;background_background&quot;:&quot;classic&quot;}\">\n\t\t\t<div class=\"elementor-widget-wrap elementor-element-populated\">\n\t\t\t\t\t\t<div class=\"elementor-element elementor-element-58929719 elementor-widget elementor-widget-text-editor\" data-id=\"58929719\" data-element_type=\"widget\" data-widget_type=\"text-editor.default\">\n\t\t\t\t<div class=\"elementor-widget-container\">\n\t\t\t<style>\/*! elementor - v3.19.0 - 07-02-2024 *\/\n.elementor-widget-text-editor.elementor-drop-cap-view-stacked .elementor-drop-cap{background-color:#69727d;color:#fff}.elementor-widget-text-editor.elementor-drop-cap-view-framed .elementor-drop-cap{color:#69727d;border:3px solid;background-color:transparent}.elementor-widget-text-editor:not(.elementor-drop-cap-view-default) .elementor-drop-cap{margin-top:8px}.elementor-widget-text-editor:not(.elementor-drop-cap-view-default) .elementor-drop-cap-letter{width:1em;height:1em}.elementor-widget-text-editor .elementor-drop-cap{float:left;text-align:center;line-height:1;font-size:50px}.elementor-widget-text-editor .elementor-drop-cap-letter{display:inline-block}<\/style>\t\t\t\t<p><span style=\"font-weight: 400;\">We do everything we can to make your vacation full of joy and smooth. That is why we ask you to take note of and comply with the following house rules.<\/span><b><\/b><\/p><p><b>Arrival and departure (Check in-Check out)<\/b><\/p><p><b>Arrival<\/b><\/p><p><span style=\"font-weight: 400;\">The apartment can be taken up between 15:00 and 22:00 on the day of arrival (check in).     On the day of departure the apartment must be left no later than 10:00 in the morning (check out). Early check-in is possible if available (contact us for availability).<\/span><span style=\"font-weight: 400;\"><br \/><\/span><span style=\"font-weight: 400;\">When making a reservation or at the latest on the day of arrival please indicate the approximate time of your arrival. The hosts do not stay in the apartment, we go there when the guests arrive. That is why we usually ask you to call us 30 minutes before your arrival. We are waiting for you in front of the house, we will show you the apartment, hand over the keys and carry out the check-in.<\/span><\/p><p><span style=\"font-weight: 400;\">Upon arrival according to legal regulations we are obliged to scan the identity card (passport) of each guest with the \"My Guest\" application operated by the Hungarian Tourist Agency. Therefore, we ask that all guests bring their identity card or passport upon arrival at the apartment. Scanning takes only 1-2 minutes. (Please refer to our Privacy Policy).<\/span><span style=\"font-weight: 400;\"><br \/><\/span><span style=\"font-weight: 400;\">The local tourist tax must be paid in cash upon arrival (HUF 500 or 1.5 EUR \/adult\/night).<\/span><\/p><p><span style=\"font-weight: 400;\">If required, it is possible to arrive after 22:00 for a separate fee which is 25 Euro. Earlier arrival (as above) is free of charge.<\/span><\/p><p><b>Departure<\/b><\/p><p><span style=\"font-weight: 400;\">The apartment must be vacated no later than 10:00 a.m. on the day of departure. The cleaning colleague will arrive at 10 o'clock and you can hand over the keys to her. If you want to leave earlier you can put one set of keys in the key safe next to the apartment door after closing the apartment. It is not possible to move out later but suitcases can be left in the apartment or in the lobby until 1:00 p.m.<\/span><\/p><p><b>Number of guests<\/b><b><br \/><\/b><span style=\"font-weight: 400;\"><br \/><\/span><span style=\"font-weight: 400;\">The accommodation can be used by the number of people specified at the time of booking. When booking please enter all guests including children regardless of age (refer to INFORMATION &gt; Booking &amp; payment terms). The accommodation provider has the right to check - without prior notice - whether the number of guests staying at the accommodation has been announced or paid for in advance. <\/span><span style=\"font-weight: 400;\"><br \/><\/span><span style=\"font-weight: 400;\">Only registered guests can stay in the apartment.<\/span><span style=\"font-weight: 400;\"><br \/><\/span><span style=\"font-weight: 400;\">We ask our guests not to receive guests at the apartment.<\/span><\/p><p><b>Keys<\/b><\/p><p><span style=\"font-weight: 400;\">We provide 2 sets of keys to the apartment. The entrance doors of the building and the door of apartments\u2019 hall open by touching the proxy card. One key opens the apartment door. On the way out you have to press the button next to the doors. If the key is lost a compensation amount (HUF 25,000) will be charged upon departure.<\/span><b><\/b><\/p><p><b>Smoking, fire protection<\/b><\/p><p><span style=\"font-weight: 400;\">It is strictly FORBIDDEN to smoke, use candles, or candlesticks in the apartment and in the entire building! This also applies to e-cigarettes and IQOS. Smoking is only allowed on the balcony. Please put articles and ashes in the ashtray reserved for this purpose and leave them on the balcony, do not take them into the trash can of the apartment. It is forbidden to bring any kind of flammable material into the apartment!<\/span><\/p><p><b>Proper use of the apartment<\/b><\/p><p><span style=\"font-weight: 400;\">The apartment serves the comfortable rest of its guests. Stag or hen parties, any other parties are not allowed in the apartment!<\/span><span style=\"font-weight: 400;\"><br \/><\/span><span style=\"font-weight: 400;\">Please be considerate of your neighbors and refrain from noisy activities. Pay attention to this when using the TV and other electronic devices.<\/span><span style=\"font-weight: 400;\"><br \/><\/span><span style=\"font-weight: 400;\">Please use the furnishings and furniture as intended (beds, sofas) and ask the children to do the same. Meals should preferably be eaten in the kitchen.<\/span><span style=\"font-weight: 400;\"><br \/><\/span><span style=\"font-weight: 400;\">The guest is responsible for his own behavior in the apartment, in the building and its surroundings, and bears the consequences of any accident. <\/span><span style=\"font-weight: 400;\"><br \/><\/span><span style=\"font-weight: 400;\">The accommodation provider reserves the right not to accept guests who are intoxicated, have aggressive tendencies, who behave scandalously, who do not follow the house rules, or to immediately remove them from the accommodation. In this case we are unable to reimburse the guest for any remaining days.<\/span><\/p><p><strong>Internet, television<\/strong><\/p><p><span style=\"font-weight: 400;\">We provide free broadband internet access in our apartments, the access data can be found in the apartments. The easiest way to connect is by scanning the displayed QR code.<\/span><\/p><p><span style=\"font-weight: 400;\">We have subscriptions that provide a variety of channels on smart televisions and several streaming services are also available e.g. YouTube, Netflix, etc. We recommend that you use your own account and don't forget to log out when you leave.\u00a0<\/span><\/p><p><span style=\"font-weight: 400;\">If you notice any service outages, please let us know via our contact details, do not try to repair or restart by yourself.\u00a0<\/span><\/p><p><span style=\"font-weight: 400;\">Host speaking english:\t+36 30 933 1047 (also on WhatsApp!)<\/span><\/p><p><b>Waste management, environmentally conscious behavior<\/b><\/p><p><span style=\"font-weight: 400;\">Please collect household waste in the bins located in the apartment. It is the guest's responsibility to empty the trash cans as needed. Filled garbage bags must be placed in the building's central garbage bin. When you move out you can safely leave the remaining full garbage bag in the bin, we will take it away when cleaning. <\/span><span style=\"font-weight: 400;\"><br \/><\/span><span style=\"font-weight: 400;\">If possible, collect selective waste in a separate garbage bag. You will also find a selective bin in the building's central waste bin.<\/span><span style=\"font-weight: 400;\"><br \/><\/span><span style=\"font-weight: 400;\">If possible, please use electricity and water sparingly - just like at your home. When leaving the apartment please turn off the lights. Thank You!<\/span><\/p><p><b>Pets<\/b><\/p><p><span style=\"font-weight: 400;\">Unfortunately we are unable to accept small animals and pets. Thank you for your understanding.<\/span><\/p><p><b>Individual electrical appliances<\/b><\/p><p><span style=\"font-weight: 400;\">The guest is responsible for any damage caused by his own electrical device, and the guest is obliged to compensate for the damage.<\/span><\/p><p><b>Safety<\/b><\/p><p><span style=\"font-weight: 400;\">When leaving the apartment, even if it happens for a short time, please close the windows, turn off the lights and lock the door! Make sure that the metal door to the front of the apartments is closed upon arrival and departure. This ensures that unauthorized persons cannot enter from the stairwell. Our area and also Debrecen is considered very safe.<\/span><\/p><p><b>Cleaning, cleanliness<\/b><\/p><p><span style=\"font-weight: 400;\">The apartment is always handed over to our guests in perfectly clean condition. If you have any comments, please let us know! Please keep the rooms and furnishings as clean as possible. Do not use items that leave permanent or hard-to-remove stains on bedding and furniture (e.g. felt-tip pens, colored pencils, plasticine, etc.). We ask our guests to use the kitchen and dining table for meals. Do not eat in bed.<\/span> <span style=\"font-weight: 400;\">The cost of regular cleaning after your departure is included in the accommodation fee. If the apartment is left much dirtier than expected we may charge an extra cleaning fee (HUF 20,000). If necessary, you will find a vacuum cleaner, broom and shovel, mop in the apartment as well as in the hall. Thank you for keeping it clean!\u00a0<\/span><\/p><p><b>Lost and found<\/b><\/p><p><span style=\"font-weight: 400;\">The operator destroys the food, food-type articles and medicines left behind in the apartment. We will try to notify the guest of other found items by phone or email and the guest can pick them up.<\/span><\/p><p><span style=\"font-weight: 400;\">\u00a0<\/span><b>Error report<\/b><\/p><p><span style=\"font-weight: 400;\">We ask our guests to report any malfunctions experienced in the apartment to the operator immediately. Host speaking english:\t+36 30 933 1047 (also on WhatsApp!)<\/span><\/p><p><span style=\"font-weight: 400;\">\u00a0<\/span><b>Damage<\/b><\/p><p><span style=\"font-weight: 400;\">The operator demands compensation for damages caused by negligence or on purpose.<\/span><\/p><p><span style=\"font-weight: 400;\">K\u00f6sz\u00f6nj\u00fck, hogy betartja a h\u00e1zirendet! <\/span><span style=\"font-weight: 400;\"><br \/><\/span><span style=\"font-weight: 400;\">Thank you for complying with our house rules! We trust that your stay in our apartments will meet your expectations, be joyful and undisturbed<\/span><\/p>\t\t\t\t\t\t<\/div>\n\t\t\t\t<\/div>\n\t\t\t\t<div class=\"elementor-element elementor-element-4ebfc9b2 elementor-align-center elementor-widget elementor-widget-button\" data-id=\"4ebfc9b2\" data-element_type=\"widget\" data-widget_type=\"button.default\">\n\t\t\t\t<div class=\"elementor-widget-container\">\n\t\t\t\t\t<div class=\"elementor-button-wrapper\">\n\t\t\t<a class=\"elementor-button elementor-button-link elementor-size-sm\" href=\"https:\/\/teszt.debrecenapartmanok.hu\/en\/\">\n\t\t\t\t\t\t<span class=\"elementor-button-content-wrapper\">\n\t\t\t\t\t\t<span class=\"elementor-button-text\">back to the homepage<\/span>\n\t\t<\/span>\n\t\t\t\t\t<\/a>\n\t\t<\/div>\n\t\t\t\t<\/div>\n\t\t\t\t<\/div>\n\t\t\t\t\t<\/div>\n\t\t<\/div>\n\t\t\t\t\t<\/div>\n\t\t<\/section>\n\t\t\t\t<\/div>","protected":false},"excerpt":{"rendered":"<p>H\u00e1zirend Mindent elk\u00f6vet\u00fcnk annak \u00e9rdek\u00e9ben, hogy pihen\u00e9s\u00fck \u00f6r\u00f6mteli \u00e9s z\u00f6kken\u0151mentes legyen. Ez\u00e9rt k\u00e9rem \u00d6n\u00f6ket, hogy az al\u00e1bbiakban foglaltakat sz\u00edveskedjenek tudom\u00e1sul venni, illetve betartani. \u00c9rkez\u00e9s \u00e9s elutaz\u00e1s\u00a0 (Check in-Check out) \u00c9rkez\u00e9s Az apartman az \u00e9rkez\u00e9s napj\u00e1n 15:00-22:00 \u00f3r\u00e1ig foglalhat\u00f3 el (check in), az elutaz\u00e1s napj\u00e1n pedig legk\u00e9s\u0151bb d\u00e9lel\u0151tt 10:00 \u00f3r\u00e1ig kell elhagyni (check out). Kor\u00e1bbi bejelentkez\u00e9sre [&hellip;]<\/p>","protected":false},"author":1,"featured_media":0,"parent":0,"menu_order":0,"comment_status":"closed","ping_status":"closed","template":"","meta":{"footnotes":""},"class_list":["post-431","page","type-page","status-publish","hentry"],"_links":{"self":[{"href":"https:\/\/teszt.debrecenapartmanok.hu\/en\/wp-json\/wp\/v2\/pages\/431","targetHints":{"allow":["GET"]}}],"collection":[{"href":"https:\/\/teszt.debrecenapartmanok.hu\/en\/wp-json\/wp\/v2\/pages"}],"about":[{"href":"https:\/\/teszt.debrecenapartmanok.hu\/en\/wp-json\/wp\/v2\/types\/page"}],"author":[{"embeddable":true,"href":"https:\/\/teszt.debrecenapartmanok.hu\/en\/wp-json\/wp\/v2\/users\/1"}],"replies":[{"embeddable":true,"href":"https:\/\/teszt.debrecenapartmanok.hu\/en\/wp-json\/wp\/v2\/comments?post=431"}],"version-history":[{"count":52,"href":"https:\/\/teszt.debrecenapartmanok.hu\/en\/wp-json\/wp\/v2\/pages\/431\/revisions"}],"predecessor-version":[{"id":1701,"href":"https:\/\/teszt.debrecenapartmanok.hu\/en\/wp-json\/wp\/v2\/pages\/431\/revisions\/1701"}],"wp:attachment":[{"href":"https:\/\/teszt.debrecenapartmanok.hu\/en\/wp-json\/wp\/v2\/media?parent=431"}],"curies":[{"name":"wp","href":"https:\/\/api.w.org\/{rel}","templated":true}]}}